{"id":3,"date":"2025-10-09T13:13:47","date_gmt":"2025-10-09T13:13:47","guid":{"rendered":"https:\/\/meniga.hr\/?page_id=3"},"modified":"2025-10-22T16:09:44","modified_gmt":"2025-10-22T16:09:44","slug":"o-nama","status":"publish","type":"page","link":"https:\/\/meniga.hr\/index.php\/o-nama\/","title":{"rendered":"O nama"},"content":{"rendered":"\n<p><strong>Meniga<\/strong> je hrvatski webshop koji prodaje i posreduje (dropshipping) u prodaji <strong>alata za profesionalne i ku\u0107ne korisnike<\/strong>.<br>Na\u0161a misija je pru\u017eiti kvalitetne alate po fer cijeni, s brzom dostavom i sigurnom kupnjom.<\/p>\n\n\n\n<h3 class=\"wp-block-heading\">Kontakt podaci<\/h3>\n\n\n\n<p><strong>Meniga<\/strong><br>\ud83d\udccd Ede Starca 13, 51000 Rijeka, Hrvatska<br>\ud83d\udce7 <a>info@menigamont.com<\/a><br>\ud83d\udcde 095\/385-4410<\/p>\n\n\n\n<h3 class=\"wp-block-heading\">Impressum<\/h3>\n\n\n\n<p>Vlasnik: [upi\u0161i ime vlasnika, ako \u017eeli\u0161 javno prikazati]<br>OIB: [upi\u0161i OIB]<br>IBAN: [upi\u0161i IBAN]<br>Banka: [upi\u0161i naziv banke]<br>Tvrtka registrirana u Republici Hrvatskoj.<\/p>\n","protected":false},"excerpt":{"rendered":"<p>Meniga je hrvatski webshop koji prodaje i posreduje (dropshipping) u prodaji alata za profesionalne i ku\u0107ne korisnike.Na\u0161a misija je pru\u017eiti kvalitetne alate po fer cijeni, s brzom dostavom i sigurnom kupnjom. Kontakt podaci Meniga\ud83d\udccd Ede Starca 13, 51000 Rijeka, Hrvatska\ud83d\udce7 info@menigamont.com\ud83d\udcde 095\/385-4410 Impressum Vlasnik: [upi\u0161i ime vlasnika, ako \u017eeli\u0161 javno prikazati]OIB: [upi\u0161i OIB]IBAN: [upi\u0161i IBAN]Banka:&#8230;<\/p>\n","protected":false},"author":1,"featured_media":0,"parent":0,"menu_order":0,"comment_status":"closed","ping_status":"closed","template":"","meta":{"_bst_post_transparent":"","_bst_post_title":"","_bst_post_layout":"","_bst_post_sidebar_id":"","_bst_post_content_style":"","_bst_post_vertical_padding":"","_bst_post_feature":"","_bst_post_feature_position":"","_bst_post_header":false,"_bst_post_footer":false,"footnotes":""},"class_list":["post-3","page","type-page","status-publish","hentry"],"_links":{"self":[{"href":"https:\/\/meniga.hr\/index.php\/wp-json\/wp\/v2\/pages\/3","targetHints":{"allow":["GET"]}}],"collection":[{"href":"https:\/\/meniga.hr\/index.php\/wp-json\/wp\/v2\/pages"}],"about":[{"href":"https:\/\/meniga.hr\/index.php\/wp-json\/wp\/v2\/types\/page"}],"author":[{"embeddable":true,"href":"https:\/\/meniga.hr\/index.php\/wp-json\/wp\/v2\/users\/1"}],"replies":[{"embeddable":true,"href":"https:\/\/meniga.hr\/index.php\/wp-json\/wp\/v2\/comments?post=3"}],"version-history":[{"count":1,"href":"https:\/\/meniga.hr\/index.php\/wp-json\/wp\/v2\/pages\/3\/revisions"}],"predecessor-version":[{"id":1677,"href":"https:\/\/meniga.hr\/index.php\/wp-json\/wp\/v2\/pages\/3\/revisions\/1677"}],"wp:attachment":[{"href":"https:\/\/meniga.hr\/index.php\/wp-json\/wp\/v2\/media?parent=3"}],"curies":[{"name":"wp","href":"https:\/\/api.w.org\/{rel}","templated":true}]}}